{"id":56,"date":"2020-07-29T16:19:03","date_gmt":"2020-07-29T14:19:03","guid":{"rendered":"http:\/\/autoskola.mz-mee.eu\/subdom\/autoskola\/?page_id=56"},"modified":"2020-10-12T12:26:48","modified_gmt":"2020-10-12T10:26:48","slug":"pro-zajemce","status":"publish","type":"page","link":"http:\/\/autoskola.mz-mee.eu\/subdom\/autoskola\/pro-zajemce\/","title":{"rendered":"Pro z\u00e1jemce"},"content":{"rendered":"\t\t<div data-elementor-type=\"wp-page\" data-elementor-id=\"56\" class=\"elementor elementor-56\">\n\t\t\t\t\t\t<section class=\"elementor-section elementor-top-section elementor-element elementor-element-4aec154e elementor-section-boxed elementor-section-height-default elementor-section-height-default\" data-id=\"4aec154e\" data-element_type=\"section\" data-settings=\"{&quot;background_background&quot;:&quot;classic&quot;}\">\n\t\t\t\t\t\t\t<div class=\"elementor-background-overlay\"><\/div>\n\t\t\t\t\t\t\t<div class=\"elementor-container elementor-column-gap-default\">\n\t\t\t\t\t<div class=\"elementor-column elementor-col-100 elementor-top-column elementor-element elementor-element-39b179d9\" data-id=\"39b179d9\" data-element_type=\"column\">\n\t\t\t<div class=\"elementor-widget-wrap elementor-element-populated\">\n\t\t\t\t\t\t<div class=\"elementor-element elementor-element-372d15e4 elementor-widget elementor-widget-heading\" data-id=\"372d15e4\" data-element_type=\"widget\" data-widget_type=\"heading.default\">\n\t\t\t\t<div class=\"elementor-widget-container\">\n\t\t\t<h2 class=\"elementor-heading-title elementor-size-large\">Pro z\u00e1jemce<\/h2>\t\t<\/div>\n\t\t\t\t<\/div>\n\t\t\t\t<div class=\"elementor-element elementor-element-4b4918a6 elementor-widget elementor-widget-text-editor\" data-id=\"4b4918a6\" data-element_type=\"widget\" data-widget_type=\"text-editor.default\">\n\t\t\t\t<div class=\"elementor-widget-container\">\n\t\t\t\t\t\t\t\t\t\t\t\t\t<\/div>\n\t\t\t\t<\/div>\n\t\t\t\t\t<\/div>\n\t\t<\/div>\n\t\t\t\t\t<\/div>\n\t\t<\/section>\n\t\t\t\t<section class=\"elementor-section elementor-top-section elementor-element elementor-element-e3cb364 elementor-section-content-middle elementor-reverse-mobile elementor-section-boxed elementor-section-height-default elementor-section-height-default\" data-id=\"e3cb364\" data-element_type=\"section\" data-settings=\"{&quot;background_background&quot;:&quot;classic&quot;}\">\n\t\t\t\t\t\t<div class=\"elementor-container elementor-column-gap-default\">\n\t\t\t\t\t<div class=\"elementor-column elementor-col-100 elementor-top-column elementor-element elementor-element-155bdadd\" data-id=\"155bdadd\" data-element_type=\"column\">\n\t\t\t<div class=\"elementor-widget-wrap elementor-element-populated\">\n\t\t\t\t\t\t<div class=\"elementor-element elementor-element-ae06b75 elementor-widget elementor-widget-heading\" data-id=\"ae06b75\" data-element_type=\"widget\" data-widget_type=\"heading.default\">\n\t\t\t\t<div class=\"elementor-widget-container\">\n\t\t\t<h2 class=\"elementor-heading-title elementor-size-default\">Co je pot\u0159eba pro p\u0159ijet\u00ed do v\u00fduky?<\/h2>\t\t<\/div>\n\t\t\t\t<\/div>\n\t\t\t\t<div class=\"elementor-element elementor-element-99c83e8 elementor-widget elementor-widget-text-editor\" data-id=\"99c83e8\" data-element_type=\"widget\" data-widget_type=\"text-editor.default\">\n\t\t\t\t<div class=\"elementor-widget-container\">\n\t\t\t\t\t\t\t<p>Pro p\u0159ihl\u00e1\u0161en\u00ed do auto\u0161koly je pot\u0159eba <strong>vyplnit<\/strong> a <strong>p\u0159edlo\u017eit<\/strong>:<\/p><ul><li><a href=\"http:\/\/autoskola.mz-mee.eu\/subdom\/autoskola\/wp-content\/uploads\/2020\/09\/zadost-o-prijeti-2013-_3.pdf\" target=\"_blank\" rel=\"noopener\">\u017d\u00e1dost o p\u0159ijet\u00ed k v\u00fduce a v\u00fdcviku<\/a><\/li><li><a href=\"http:\/\/autoskola.mz-mee.eu\/subdom\/autoskola\/wp-content\/uploads\/2020\/08\/L\u00e9ka\u0159sk\u00fd-posudek_5_11_2015.doc\" target=\"_blank\" rel=\"noopener\">L\u00e9ka\u0159sk\u00fd posudek o zdravotn\u00ed zp\u016fsobilosti k \u0159\u00edzen\u00ed motorov\u00fdch vozidel<\/a><\/li><\/ul><p>V\u0161echny tyto tiskopisy si pros\u00edm vytiskn\u011bte, vypl\u0148te je a p\u0159edejte je p\u0159i p\u0159ihla\u0161ov\u00e1n\u00ed do na\u0161\u00ed auto\u0161koly.<\/p><p>Pro <strong>obnoven\u00ed \u0159idi\u010dsk\u00e9ho opr\u00e1vn\u011bn\u00ed<\/strong> je tak\u00e9 pot\u0159eba p\u0159ilo\u017eit tiskopis &#8211; <a href=\"http:\/\/autoskola.mz-mee.eu\/subdom\/autoskola\/wp-content\/uploads\/2020\/08\/\u017d\u00e1dost-p\u0159ezkou\u0161en\u00ed-odborn\u00e9-zp\u016fsobilosti.pdf\" target=\"_blank\" rel=\"noopener\">\u017d\u00e1dost p\u0159ezkou\u0161en\u00ed odborn\u00e9 zp\u016fsobilosti<\/a>.<\/p><p>Vyu\u017eijte pro p\u0159ihl\u00e1\u0161en\u00ed do auto\u0161koly n\u00e1\u0161 <a href=\"#onlineregistrace\" target=\"_blank\" rel=\"noopener\">on-line registra\u010dn\u00ed formul\u00e1\u0159<\/a> a z\u00edskejte slevu.<\/p><h3>\u00a0<\/h3><h3>Ostatn\u00ed V\u00e1m prosp\u011b\u0161n\u00e9 z\u00e1kony a vyhl\u00e1\u0161ky k prostudov\u00e1n\u00ed<\/h3><ul><li><a href=\"http:\/\/www.epravo.cz\/html\/index.php3?s1=1&amp;s2=X&amp;s3=X&amp;s4=X&amp;s5=S&amp;s6=1&amp;what=247\/2000&amp;limit=40&amp;m=1&amp;typ=predpisy&amp;special=sbirka&amp;back[s1]=1&amp;back[s2]=X&amp;back[s3]=X&amp;back[s4]=X&amp;back[s5]=S&amp;back[s6]=1&amp;back[what]=247\/2000&amp;back[limit]=40&amp;back[m]=3&amp;back[typ]=predpisy&amp;back[special]=sbirka&amp;recid_zak=1396\" target=\"_blank\" rel=\"noopener\"><strong>Z\u00e1kon 247\/2000 Sb<\/strong><\/a>.: Z\u00e1kon ze dne 30. \u010dervna 2000 o z\u00edsk\u00e1v\u00e1n\u00ed a zdokonalov\u00e1n\u00ed odborn\u00e9 zp\u016fsobilosti k \u0159\u00edzen\u00ed motorov\u00fdch vozidel a o zm\u011bn\u00e1ch n\u011bkter\u00fdch z\u00e1kon\u016f<\/li><li><a href=\"http:\/\/www.epravo.cz\/html\/index.php3?s1=1&amp;s2=X&amp;s3=X&amp;s4=X&amp;s5=S&amp;s6=1&amp;what=238\/2002&amp;limit=40&amp;m=1&amp;typ=predpisy&amp;special=sbirka&amp;back[s1]=1&amp;back[s2]=X&amp;back[s3]=X&amp;back[s4]=X&amp;back[s5]=S&amp;back[s6]=1&amp;back[what]=238\/2002&amp;back[limit]=40&amp;back[m]=3&amp;back[typ]=predpisy&amp;back[special]=sbirka&amp;recid_zak=3390\" target=\"_blank\" rel=\"noopener\"><strong>Z\u00e1kon 238\/2002 Sb<\/strong><\/a>.: P\u0158EDSEDA VL\u00c1DY vyhla\u0161uje \u00fapln\u00e9 zn\u011bn\u00ed z\u00e1kona \u010d. 247\/2000 Sb., o z\u00edsk\u00e1v\u00e1n\u00ed a zdokonalov\u00e1n\u00ed odborn\u00e9 zp\u016fsobilosti k \u0159\u00edzen\u00ed motorov\u00fdch vozidel a o zm\u011bn\u00e1ch n\u011bkter\u00fdch z\u00e1kon\u016f, jak vypl\u00fdv\u00e1 ze zm\u011bn proveden\u00fdch z\u00e1konem \u010d. 478\/2001 Sb. a z\u00e1konem \u010d. 175\/2002 Sb.<\/li><li><a href=\"http:\/\/www.epravo.cz\/html\/index.php3?s1=1&amp;s2=X&amp;s3=X&amp;s4=X&amp;s5=S&amp;s6=1&amp;what=167\/2002&amp;limit=40&amp;m=1&amp;typ=predpisy&amp;special=sbirka&amp;back[s1]=1&amp;back[s2]=X&amp;back[s3]=X&amp;back[s4]=X&amp;back[s5]=S&amp;back[s6]=1&amp;back[what]=167\/2002&amp;back[limit]=40&amp;back[m]=3&amp;back[typ]=predpisy&amp;back[special]=sbirka&amp;recid_zak=3292\" target=\"_blank\" rel=\"noopener\"><strong>Vyhl\u00e1\u0161ka 167\/2002<\/strong><\/a>: VYHL\u00c1\u0160KA Ministerstva dopravy a spoj\u016f ze dne 19. dubna 2002, kterou se prov\u00e1d\u00ed z\u00e1kon \u010d. 247\/2000 Sb., o z\u00edsk\u00e1v\u00e1n\u00ed a zdokonalov\u00e1n\u00ed odborn\u00e9 zp\u016fsobilosti k \u0159\u00edzen\u00ed motorov\u00fdch vozidel a o zm\u011bn\u00e1ch n\u011bkter\u00fdch z\u00e1kon\u016f, ve zn\u011bn\u00ed z\u00e1kona \u010d. 478\/2001 Sb.<\/li><li>Vyhl\u00e1\u0161ky a z\u00e1kony jsou um\u00edst\u011bny na serveru ePr\u00e1vo. Odtud si je m\u016f\u017eete st\u00e1hnout tak\u00e9 ve form\u00e1tu PDF.<\/li><\/ul><h2>\u00a0<\/h2><h2>D\u016fle\u017eit\u00e1 informace pro \u017e\u00e1ky auto\u0161kol<\/h2><p>Ve\u0161ker\u00e1 agenda t\u00fdkaj\u00edc\u00ed se vyd\u00e1v\u00e1n\u00ed <a href=\"http:\/\/www.autoskolanonstop.cz\/\">\u0159idi\u010dsk\u00fdch pr\u016fkaz\u016f<\/a>, profesn\u00edch osv\u011bd\u010den\u00ed, osv\u011bd\u010den\u00ed profesn\u00ed zp\u016fsobilosti \u0159idi\u010de a dal\u0161\u00edch \u00fakon\u016f spadaj\u00edc\u00edch do kompetence registru \u0159idi\u010d\u016f v Praze se nach\u00e1z\u00ed na adrese Na Pankr\u00e1ci 1685\/17, Praha 4 &#8211; Tel: 236 005 490<\/p><p><strong>Pond\u011bl\u00ed &#8211; \u010dtvrtek <span class=\"skype_c2c_print_container notranslate\">07.00 &#8211; 18.00, p\u00e1tek <\/span><span id=\"skype_c2c_container\" class=\"skype_c2c_container notranslate\" dir=\"ltr\" tabindex=\"-1\" data-numbertocall=\"+447002000\" data-numbertype=\"paid\" data-isfreecall=\"false\" data-isrtl=\"false\" data-ismobile=\"false\"><span class=\"skype_c2c_highlighting_inactive_common\" dir=\"ltr\"><span id=\"non_free_num_ui\" class=\"skype_c2c_textarea_span\"><img decoding=\"async\" class=\"skype_c2c_logo_img\" src=\"resource:\/\/skype_ff_extension-at-jetpack\/skype_ff_extension\/data\/call_skype_logo.png\" alt=\"\" width=\"0\" height=\"0\" \/><span class=\"skype_c2c_text_span\">07.00 &#8211; 11.00<\/span><\/span><\/span><\/span> hodin (bez z\u00e1ruky nap\u0159\u00edklad o pr\u00e1zdnin\u00e1ch)<\/strong><\/p>\t\t\t\t\t\t<\/div>\n\t\t\t\t<\/div>\n\t\t\t\t\t<\/div>\n\t\t<\/div>\n\t\t\t\t\t<\/div>\n\t\t<\/section>\n\t\t\t\t<section class=\"elementor-section elementor-top-section elementor-element elementor-element-1dfe7694 elementor-section-boxed elementor-section-height-default elementor-section-height-default\" data-id=\"1dfe7694\" data-element_type=\"section\" id=\"onlineregistrace\" data-settings=\"{&quot;background_background&quot;:&quot;classic&quot;}\">\n\t\t\t\t\t\t<div class=\"elementor-container elementor-column-gap-default\">\n\t\t\t\t\t<div class=\"elementor-column elementor-col-100 elementor-top-column elementor-element elementor-element-401f53ef\" data-id=\"401f53ef\" data-element_type=\"column\">\n\t\t\t<div class=\"elementor-widget-wrap elementor-element-populated\">\n\t\t\t\t\t\t<div class=\"elementor-element elementor-element-34b2a267 elementor-widget elementor-widget-heading\" data-id=\"34b2a267\" data-element_type=\"widget\" data-widget_type=\"heading.default\">\n\t\t\t\t<div class=\"elementor-widget-container\">\n\t\t\t<h3 class=\"elementor-heading-title elementor-size-large\">Registrace on-line<\/h3>\t\t<\/div>\n\t\t\t\t<\/div>\n\t\t\t\t<div class=\"elementor-element elementor-element-b9e1af9 elementor-widget elementor-widget-text-editor\" data-id=\"b9e1af9\" data-element_type=\"widget\" data-widget_type=\"text-editor.default\">\n\t\t\t\t<div class=\"elementor-widget-container\">\n\t\t\t\t\t\t\t<p style=\"text-align: center;\">P\u0159i registraci on-line p\u0159es n\u00ed\u017ee uveden\u00fd formul\u00e1\u0159, z\u00edsk\u00e1te slevu dle cen\u00edku. Aktu\u00e1ln\u00ed cen\u00edk naleznete <a href=\"http:\/\/autoskola.mz-mee.eu\/subdom\/autoskola\/cenik\/\" target=\"_blank\" rel=\"noopener\">zde<\/a>. Vypln\u011bn\u00edm tohoto registra\u010dn\u00edho formul\u00e1\u0159e ud\u011blujete souhlas se zpracov\u00e1n\u00edm osobn\u00edch \u00fadaj\u016f. Pol\u00ed\u010dka ozna\u010den\u00e1 &#8222;*&#8220; jsou povinn\u00e1.<br><\/p>\t\t\t\t\t\t<\/div>\n\t\t\t\t<\/div>\n\t\t\t\t<div class=\"elementor-element elementor-element-f53e8b2 elementor-widget elementor-widget-text-editor\" data-id=\"f53e8b2\" data-element_type=\"widget\" data-widget_type=\"text-editor.default\">\n\t\t\t\t<div class=\"elementor-widget-container\">\n\t\t\t\t\t\t\t\n<div class=\"wpcf7 no-js\" id=\"wpcf7-f81-o1\" lang=\"cs-CZ\" dir=\"ltr\">\n<div class=\"screen-reader-response\"><p role=\"status\" aria-live=\"polite\" aria-atomic=\"true\"><\/p> <ul><\/ul><\/div>\n<form action=\"\/subdom\/autoskola\/wp-json\/wp\/v2\/pages\/56#wpcf7-f81-o1\" method=\"post\" class=\"wpcf7-form init\" aria-label=\"Kontaktn\u00ed formul\u00e1\u0159\" novalidate=\"novalidate\" data-status=\"init\">\n<div style=\"display: none;\">\n<input type=\"hidden\" name=\"_wpcf7\" value=\"81\" \/>\n<input type=\"hidden\" name=\"_wpcf7_version\" value=\"5.9.2\" \/>\n<input type=\"hidden\" name=\"_wpcf7_locale\" value=\"cs_CZ\" \/>\n<input type=\"hidden\" name=\"_wpcf7_unit_tag\" value=\"wpcf7-f81-o1\" \/>\n<input type=\"hidden\" name=\"_wpcf7_container_post\" value=\"0\" \/>\n<input type=\"hidden\" name=\"_wpcf7_posted_data_hash\" value=\"\" \/>\n<\/div>\n<div class=\"form\">\n\t<div class=\"form-line\">\n\t\t<p><label>Jm\u00e9no*<\/label><br \/>\n<span class=\"wpcf7-form-control-wrap\" data-name=\"your-name\"><input size=\"40\" class=\"wpcf7-form-control wpcf7-text wpcf7-validates-as-required\" aria-required=\"true\" aria-invalid=\"false\" value=\"\" type=\"text\" name=\"your-name\" \/><\/span>\n\t\t<\/p>\n\t<\/div>\n\t<div class=\"form-line\">\n\t\t<p><label>P\u0159\u00edjmen\u00ed*<\/label><br \/>\n<span class=\"wpcf7-form-control-wrap\" data-name=\"text-surname\"><input size=\"40\" class=\"wpcf7-form-control wpcf7-text wpcf7-validates-as-required\" aria-required=\"true\" aria-invalid=\"false\" value=\"\" type=\"text\" name=\"text-surname\" \/><\/span>\n\t\t<\/p>\n\t<\/div>\n\t<div class=\"form-line\">\n\t\t<p><label>Datum narozen\u00ed*<\/label><br \/>\n<span class=\"wpcf7-form-control-wrap\" data-name=\"date-birth\"><input class=\"wpcf7-form-control wpcf7-date wpcf7-validates-as-required wpcf7-validates-as-date\" aria-required=\"true\" aria-invalid=\"false\" value=\"\" type=\"date\" name=\"date-birth\" \/><\/span>\n\t\t<\/p>\n\t<\/div>\n\t<div class=\"form-line\">\n\t\t<p><label>Trval\u00e9 bydli\u0161t\u011b* (u cizinc\u016f se uv\u00e1d\u00ed adresa p\u0159echodn\u00e9ho pobytu, nebo ubytov\u00e1n\u00ed v \u010cR):<\/label><br \/>\n<span class=\"wpcf7-form-control-wrap\" data-name=\"text-address\"><input size=\"40\" class=\"wpcf7-form-control wpcf7-text wpcf7-validates-as-required\" aria-required=\"true\" aria-invalid=\"false\" placeholder=\"Ulice, \u010dp., m\u011bsto, PS\u010c\" value=\"\" type=\"text\" name=\"text-address\" \/><\/span>\n\t\t<\/p>\n\t<\/div>\n\t<div class=\"form-line\">\n\t\t<p><label>Skupina kurzu*:<\/label><br \/>\n<span class=\"wpcf7-form-control-wrap\" data-name=\"radio-523\"><span class=\"wpcf7-form-control wpcf7-radio\"><span class=\"wpcf7-list-item first\"><label><input type=\"radio\" name=\"radio-523\" value=\"sk. B (osobn\u00ed automobil)\" checked=\"checked\" \/><span class=\"wpcf7-list-item-label\">sk. B (osobn\u00ed automobil)<\/span><\/label><\/span><span class=\"wpcf7-list-item\"><label><input type=\"radio\" name=\"radio-523\" value=\"sk. BE (automobil + velk\u00fd p\u0159\u00edv\u011bs)\" \/><span class=\"wpcf7-list-item-label\">sk. BE (automobil + velk\u00fd p\u0159\u00edv\u011bs)<\/span><\/label><\/span><span class=\"wpcf7-list-item\"><label><input type=\"radio\" name=\"radio-523\" value=\"sk. A (motocykl)\" \/><span class=\"wpcf7-list-item-label\">sk. A (motocykl)<\/span><\/label><\/span><span class=\"wpcf7-list-item\"><label><input type=\"radio\" name=\"radio-523\" value=\"sk. C (n\u00e1kladn\u00ed automobil)\" \/><span class=\"wpcf7-list-item-label\">sk. C (n\u00e1kladn\u00ed automobil)<\/span><\/label><\/span><span class=\"wpcf7-list-item\"><label><input type=\"radio\" name=\"radio-523\" value=\"sk. CE (n\u00e1kladn\u00ed automobil + velk\u00fd p\u0159\u00edv\u011bs)\" \/><span class=\"wpcf7-list-item-label\">sk. CE (n\u00e1kladn\u00ed automobil + velk\u00fd p\u0159\u00edv\u011bs)<\/span><\/label><\/span><span class=\"wpcf7-list-item\"><label><input type=\"radio\" name=\"radio-523\" value=\"sk. D (autobus)\" \/><span class=\"wpcf7-list-item-label\">sk. D (autobus)<\/span><\/label><\/span><span class=\"wpcf7-list-item\"><label><input type=\"radio\" name=\"radio-523\" value=\"sk. DE (autobus + velk\u00fd p\u0159\u00edv\u011bs)\" \/><span class=\"wpcf7-list-item-label\">sk. DE (autobus + velk\u00fd p\u0159\u00edv\u011bs)<\/span><\/label><\/span><span class=\"wpcf7-list-item last\"><label><input type=\"radio\" name=\"radio-523\" value=\"sk. T (traktor)\" \/><span class=\"wpcf7-list-item-label\">sk. T (traktor)<\/span><\/label><\/span><\/span><\/span>\n\t\t<\/p>\n\t<\/div>\n\t<div class=\"form-line\">\n\t\t<p><label>M\u00e1m z\u00e1jem o kurz*:<\/label><br \/>\n<span class=\"wpcf7-form-control-wrap\" data-name=\"radio-14\"><span class=\"wpcf7-form-control wpcf7-radio\"><span class=\"wpcf7-list-item first\"><label><input type=\"radio\" name=\"radio-14\" value=\"VIP kurz\" checked=\"checked\" \/><span class=\"wpcf7-list-item-label\">VIP kurz<\/span><\/label><\/span><span class=\"wpcf7-list-item\"><label><input type=\"radio\" name=\"radio-14\" value=\"Rychlokurz I (trv\u00e1n\u00ed 15 dn\u00ed)\" \/><span class=\"wpcf7-list-item-label\">Rychlokurz I (trv\u00e1n\u00ed 15 dn\u00ed)<\/span><\/label><\/span><span class=\"wpcf7-list-item\"><label><input type=\"radio\" name=\"radio-14\" value=\"Rychlokurz II ( trv\u00e1n\u00ed do 1 m\u011bs\u00edce)\" \/><span class=\"wpcf7-list-item-label\">Rychlokurz II ( trv\u00e1n\u00ed do 1 m\u011bs\u00edce)<\/span><\/label><\/span><span class=\"wpcf7-list-item\"><label><input type=\"radio\" name=\"radio-14\" value=\"Kurz III (trv\u00e1n\u00ed 1-2 m\u011bs\u00edce)\" \/><span class=\"wpcf7-list-item-label\">Kurz III (trv\u00e1n\u00ed 1-2 m\u011bs\u00edce)<\/span><\/label><\/span><span class=\"wpcf7-list-item\"><label><input type=\"radio\" name=\"radio-14\" value=\"Kurz IV (trv\u00e1n\u00ed 2-4 m\u011bs\u00edce)\" \/><span class=\"wpcf7-list-item-label\">Kurz IV (trv\u00e1n\u00ed 2-4 m\u011bs\u00edce)<\/span><\/label><\/span><span class=\"wpcf7-list-item\"><label><input type=\"radio\" name=\"radio-14\" value=\"Kurz V (trv\u00e1n\u00ed v\u00edce ne\u017e 4 m\u011bs\u00edce)\" \/><span class=\"wpcf7-list-item-label\">Kurz V (trv\u00e1n\u00ed v\u00edce ne\u017e 4 m\u011bs\u00edce)<\/span><\/label><\/span><span class=\"wpcf7-list-item\"><label><input type=\"radio\" name=\"radio-14\" value=\"Kurz ENG (trv\u00e1n\u00ed do 1 m\u011bs\u00edce)\" \/><span class=\"wpcf7-list-item-label\">Kurz ENG (trv\u00e1n\u00ed do 1 m\u011bs\u00edce)<\/span><\/label><\/span><span class=\"wpcf7-list-item\"><label><input type=\"radio\" name=\"radio-14\" value=\"Kurz ENG standard\" \/><span class=\"wpcf7-list-item-label\">Kurz ENG standard<\/span><\/label><\/span><span class=\"wpcf7-list-item\"><label><input type=\"radio\" name=\"radio-14\" value=\"Kondi\u010dn\u00ed a dopl\u0148uj\u00edc\u00ed v\u00fdcvik\" \/><span class=\"wpcf7-list-item-label\">Kondi\u010dn\u00ed a dopl\u0148uj\u00edc\u00ed v\u00fdcvik<\/span><\/label><\/span><span class=\"wpcf7-list-item last\"><label><input type=\"radio\" name=\"radio-14\" value=\"Vr\u00e1cen\u00ed \u0159idi\u010dsk\u00e9ho pr\u016fkazu\" \/><span class=\"wpcf7-list-item-label\">Vr\u00e1cen\u00ed \u0159idi\u010dsk\u00e9ho pr\u016fkazu<\/span><\/label><\/span><\/span><\/span>\n\t\t<\/p>\n\t<\/div>\n\t<div class=\"form-line\">\n\t\t<p><label>E-mail*:<\/label><br \/>\n<span class=\"wpcf7-form-control-wrap\" data-name=\"your-email\"><input size=\"40\" class=\"wpcf7-form-control wpcf7-email wpcf7-validates-as-required wpcf7-text wpcf7-validates-as-email\" aria-required=\"true\" aria-invalid=\"false\" value=\"\" type=\"email\" name=\"your-email\" \/><\/span>\n\t\t<\/p>\n\t<\/div>\n\t<div class=\"form-line\">\n\t\t<p><label>Pozn\u00e1mky (z\u00edskan\u00e9 \u0159idi\u010dsk\u00e9 pr\u016fkazy, po\u010det student\u016f, dotazy):<\/label><br \/>\n<span class=\"wpcf7-form-control-wrap\" data-name=\"your-message\"><textarea cols=\"40\" rows=\"10\" class=\"wpcf7-form-control wpcf7-textarea\" aria-invalid=\"false\" name=\"your-message\"><\/textarea><\/span>\n\t\t<\/p>\n\t<\/div>\n\t<p><input class=\"wpcf7-form-control wpcf7-submit has-spinner\" type=\"submit\" value=\"Odeslat\" \/>\n\t<\/p>\n<\/div><div class=\"wpcf7-response-output\" aria-hidden=\"true\"><\/div>\n<\/form>\n<\/div>\n\t\t\t\t\t\t<\/div>\n\t\t\t\t<\/div>\n\t\t\t\t\t<\/div>\n\t\t<\/div>\n\t\t\t\t\t<\/div>\n\t\t<\/section>\n\t\t\t\t<\/div>\n\t\t","protected":false},"excerpt":{"rendered":"<p>Pro z\u00e1jemce Co je pot\u0159eba pro p\u0159ijet\u00ed do v\u00fduky? Pro p\u0159ihl\u00e1\u0161en\u00ed do auto\u0161koly je pot\u0159eba vyplnit a p\u0159edlo\u017eit: \u017d\u00e1dost o p\u0159ijet\u00ed k v\u00fduce a v\u00fdcviku L\u00e9ka\u0159sk\u00fd posudek o zdravotn\u00ed zp\u016fsobilosti k \u0159\u00edzen\u00ed motorov\u00fdch vozidel V\u0161echny tyto tiskopisy si pros\u00edm vytiskn\u011bte, vypl\u0148te je a p\u0159edejte je p\u0159i p\u0159ihla\u0161ov\u00e1n\u00ed do na\u0161\u00ed auto\u0161koly. Pro obnoven\u00ed \u0159idi\u010dsk\u00e9ho opr\u00e1vn\u011bn\u00ed je [&hellip;]<\/p>\n","protected":false},"author":1,"featured_media":0,"parent":0,"menu_order":0,"comment_status":"closed","ping_status":"closed","template":"elementor_canvas","meta":{"footnotes":""},"_links":{"self":[{"href":"http:\/\/autoskola.mz-mee.eu\/subdom\/autoskola\/wp-json\/wp\/v2\/pages\/56"}],"collection":[{"href":"http:\/\/autoskola.mz-mee.eu\/subdom\/autoskola\/wp-json\/wp\/v2\/pages"}],"about":[{"href":"http:\/\/autoskola.mz-mee.eu\/subdom\/autoskola\/wp-json\/wp\/v2\/types\/page"}],"author":[{"embeddable":true,"href":"http:\/\/autoskola.mz-mee.eu\/subdom\/autoskola\/wp-json\/wp\/v2\/users\/1"}],"replies":[{"embeddable":true,"href":"http:\/\/autoskola.mz-mee.eu\/subdom\/autoskola\/wp-json\/wp\/v2\/comments?post=56"}],"version-history":[{"count":28,"href":"http:\/\/autoskola.mz-mee.eu\/subdom\/autoskola\/wp-json\/wp\/v2\/pages\/56\/revisions"}],"predecessor-version":[{"id":267,"href":"http:\/\/autoskola.mz-mee.eu\/subdom\/autoskola\/wp-json\/wp\/v2\/pages\/56\/revisions\/267"}],"wp:attachment":[{"href":"http:\/\/autoskola.mz-mee.eu\/subdom\/autoskola\/wp-json\/wp\/v2\/media?parent=56"}],"curies":[{"name":"wp","href":"https:\/\/api.w.org\/{rel}","templated":true}]}}