{"id":89,"date":"2020-08-11T16:51:22","date_gmt":"2020-08-11T14:51:22","guid":{"rendered":"http:\/\/autoskola.mz-mee.eu\/subdom\/autoskola\/?page_id=89"},"modified":"2020-10-19T19:27:49","modified_gmt":"2020-10-19T17:27:49","slug":"cenik","status":"publish","type":"page","link":"http:\/\/autoskola.mz-mee.eu\/subdom\/autoskola\/cenik\/","title":{"rendered":"Cen\u00edk"},"content":{"rendered":"\t\t<div data-elementor-type=\"wp-page\" data-elementor-id=\"89\" class=\"elementor elementor-89\">\n\t\t\t\t\t\t<section class=\"elementor-section elementor-top-section elementor-element elementor-element-3d972439 elementor-section-boxed elementor-section-height-default elementor-section-height-default\" data-id=\"3d972439\" data-element_type=\"section\" data-settings=\"{&quot;background_background&quot;:&quot;classic&quot;}\">\n\t\t\t\t\t\t\t<div class=\"elementor-background-overlay\"><\/div>\n\t\t\t\t\t\t\t<div class=\"elementor-container elementor-column-gap-default\">\n\t\t\t\t\t<div class=\"elementor-column elementor-col-100 elementor-top-column elementor-element elementor-element-74a88531\" data-id=\"74a88531\" data-element_type=\"column\">\n\t\t\t<div class=\"elementor-widget-wrap elementor-element-populated\">\n\t\t\t\t\t\t<div class=\"elementor-element elementor-element-1527c29d elementor-widget elementor-widget-heading\" data-id=\"1527c29d\" data-element_type=\"widget\" data-widget_type=\"heading.default\">\n\t\t\t\t<div class=\"elementor-widget-container\">\n\t\t\t<h2 class=\"elementor-heading-title elementor-size-large\">Cen\u00edk<\/h2>\t\t<\/div>\n\t\t\t\t<\/div>\n\t\t\t\t<div class=\"elementor-element elementor-element-5d60a963 elementor-widget elementor-widget-text-editor\" data-id=\"5d60a963\" data-element_type=\"widget\" data-widget_type=\"text-editor.default\">\n\t\t\t\t<div class=\"elementor-widget-container\">\n\t\t\t\t\t\t\t\t\t\t\t\t\t<\/div>\n\t\t\t\t<\/div>\n\t\t\t\t\t<\/div>\n\t\t<\/div>\n\t\t\t\t\t<\/div>\n\t\t<\/section>\n\t\t\t\t<section class=\"elementor-section elementor-top-section elementor-element elementor-element-2da22765 elementor-section-content-middle elementor-reverse-mobile elementor-section-boxed elementor-section-height-default elementor-section-height-default\" data-id=\"2da22765\" data-element_type=\"section\" data-settings=\"{&quot;background_background&quot;:&quot;classic&quot;}\">\n\t\t\t\t\t\t<div class=\"elementor-container elementor-column-gap-default\">\n\t\t\t\t\t<div class=\"elementor-column elementor-col-100 elementor-top-column elementor-element elementor-element-5711177f\" data-id=\"5711177f\" data-element_type=\"column\">\n\t\t\t<div class=\"elementor-widget-wrap elementor-element-populated\">\n\t\t\t\t\t\t<div class=\"elementor-element elementor-element-1c5a5aba elementor-widget elementor-widget-heading\" data-id=\"1c5a5aba\" data-element_type=\"widget\" data-widget_type=\"heading.default\">\n\t\t\t\t<div class=\"elementor-widget-container\">\n\t\t\t<h2 class=\"elementor-heading-title elementor-size-default\">Cen\u00edk v\u00fduky skupiny B<\/h2>\t\t<\/div>\n\t\t\t\t<\/div>\n\t\t\t\t<div class=\"elementor-element elementor-element-16da02b elementor-widget elementor-widget-text-editor\" data-id=\"16da02b\" data-element_type=\"widget\" data-widget_type=\"text-editor.default\">\n\t\t\t\t<div class=\"elementor-widget-container\">\n\t\t\t\t\t\t\t<p>P\u0159i <a href=\"http:\/\/autoskola.mz-mee.eu\/subdom\/autoskola\/pro-zajemce\/#onlineregistrace\">registraci on-line<\/a> dostanete slevu za p\u0159ed\u010dasnou registraci (v tabulk\u00e1ch uveden\u00e1 cena ve sloupe\u010dku &#8222;Po online registraci&#8220;). Poskytujeme rovn\u011b\u017e slevy <strong>25%&nbsp;<\/strong> na n\u00e1\u0161 &#8222;Rychlokurz II&#8220; pro dr\u017eitele pr\u016fkaz\u016f <b>ISIC, ITIC a IYTC<\/b>. V\u0161echny uveden\u00e9 ceny jsou v\u010detn\u011b DPH.<br>Nab\u00edz\u00edme V\u00e1m i mo\u017enost z\u00e1lohov\u00e9 platby, tedy <strong>auto\u0161kolu na spl\u00e1tky<\/strong>!<\/p>\n\n<table id=\"tablepress-1\" class=\"tablepress tablepress-id-1 price\">\n<thead>\n<tr class=\"row-1 odd\">\n\t<th class=\"column-1\">Kurz<\/th><th class=\"column-2\">Cena<\/th><th class=\"column-3\">Po online registraci<\/th><th class=\"column-4\">Skup. sleva &#8211; dvojice<\/th><th class=\"column-5\">Skup. sleva &#8211; 3 a v\u00edce<\/th>\n<\/tr>\n<\/thead>\n<tbody class=\"row-hover\">\n<tr class=\"row-2 even\">\n\t<td class=\"column-1\">VIP (dle dohody se z\u00e1kazn\u00edkem) kniha+CD zdarma   <\/td><td class=\"column-2\">19 990- K\u010d<\/td><td class=\"column-3\">17 990,- K\u010d<\/td><td class=\"column-4\">16 990,- K\u010d<\/td><td class=\"column-5\">15 990,- K\u010d<\/td>\n<\/tr>\n<tr class=\"row-3 odd\">\n\t<td class=\"column-1\">Rychlokurz I  (15 dn\u00ed)<\/td><td class=\"column-2\">18 990,- K\u010d<\/td><td class=\"column-3\">15 990,- K\u010d<\/td><td class=\"column-4\">14 990,- K\u010d<\/td><td class=\"column-5\">13 990,- K\u010d<\/td>\n<\/tr>\n<tr class=\"row-4 even\">\n\t<td class=\"column-1\">Rychlokurz II  (do 1 m\u011bs\u00edce)<\/td><td class=\"column-2\">15 990,- K\u010d<\/td><td class=\"column-3\">13 990,- K\u010d<\/td><td class=\"column-4\">13 490,- K\u010d<\/td><td class=\"column-5\">12 990,- K\u010d<\/td>\n<\/tr>\n<tr class=\"row-5 odd\">\n\t<td class=\"column-1\">Kurz III  (1 &#8211; 2 m\u011bs\u00edce)<\/td><td class=\"column-2\">13 490,- K\u010d<\/td><td class=\"column-3\">12 990,- K\u010d<\/td><td class=\"column-4\">11 990,- K\u010d<\/td><td class=\"column-5\">10 990,- K\u010d<\/td>\n<\/tr>\n<tr class=\"row-6 even\">\n\t<td class=\"column-1\">Kurz IV  (2 &#8211; 4 m\u011bs\u00edce)<\/td><td class=\"column-2\">12 990,- K\u010d<\/td><td class=\"column-3\">11 990,- K\u010d<\/td><td class=\"column-4\">10 990,- K\u010d<\/td><td class=\"column-5\">10 790,- K\u010d<\/td>\n<\/tr>\n<tr class=\"row-7 odd\">\n\t<td class=\"column-1\">Kurz V  (4 m\u011bs\u00edce a v\u00edce)<\/td><td class=\"column-2\">11 990,- K\u010d<\/td><td class=\"column-3\">10 990,- K\u010d<\/td><td class=\"column-4\">10 790,- K\u010d<\/td><td class=\"column-5\">10 490,- K\u010d<\/td>\n<\/tr>\n<tr class=\"row-8 even\">\n\t<td class=\"column-1\">Kurz ENG do 1 m\u011bs\u00edce<\/td><td class=\"column-2\">18 990,- K\u010d<\/td><td class=\"column-3\">17 990,- K\u010d<\/td><td class=\"column-4\">17 490,- K\u010d<\/td><td class=\"column-5\">smluvn\u011b<\/td>\n<\/tr>\n<tr class=\"row-9 odd\">\n\t<td class=\"column-1\">Kurz ENG standard<\/td><td class=\"column-2\">16 490,- K\u010d<\/td><td class=\"column-3\">15 490,- K\u010d<\/td><td class=\"column-4\">14 490,- K\u010d<\/td><td class=\"column-5\">smluvn\u011b<\/td>\n<\/tr>\n<tr class=\"row-10 even\">\n\t<td class=\"column-1\">Kurz BE &#8211; p\u0159\u00edv\u011bs za B<\/td><td class=\"column-2\">7 490,- K\u010d<\/td><td class=\"column-3\">6 490,- K\u010d<\/td><td class=\"column-4\">&#8211;<\/td><td class=\"column-5\">&#8211;<\/td>\n<\/tr>\n<tr class=\"row-11 odd\">\n\t<td class=\"column-1\">Kondi\u010dn\u00ed a dopl\u0148uj\u00edc\u00ed v\u00fdcvik (45 min)<\/td><td class=\"column-2\">650,- K\u010d<\/td><td class=\"column-3\">550,- K\u010d<\/td><td class=\"column-4\">smluvn\u011b<\/td><td class=\"column-5\">smluvn\u011b<\/td>\n<\/tr>\n<tr class=\"row-12 even\">\n\t<td class=\"column-1\">Vr\u00e1cen\u00ed \u0158P<\/td><td class=\"column-2\">3 990,- K\u010d<\/td><td class=\"column-3\">2 990,- K\u010d<\/td><td class=\"column-4\">smluvn\u011b<\/td><td class=\"column-5\">smluvn\u011b<\/td>\n<\/tr>\n<\/tbody>\n<\/table>\n<!-- #tablepress-1 from cache -->\n<p><strong>Aktu\u00e1ln\u00ed cen\u00edk ostatn\u00edch \u010dinnost\u00ed a \u00fakon\u016f (<\/strong>\u0161kolen\u00ed \u0159idi\u010d\u016f, opravn\u00e9 zkou\u0161ky, nadstandardn\u00ed slu\u017eby, v\u00fdb\u011br vozidla \u010di u\u010ditel &#8211; neplat\u00ed u kurzu VIP, tisky duplik\u00e1tu, tlumo\u010den\u00ed, psychologick\u00e1 vy\u0161et\u0159en\u00ed, storna, ukon\u010den\u00ed v\u00fduky a v\u00fdcviku na vlastn\u00ed \u017e\u00e1dost &#8211; 20% ze z\u00e1kladu kurzu)&nbsp;<strong>vyv\u011b\u0161en ve v\u0161ech&nbsp;kancel\u00e1\u0159\u00edch a u\u010debn\u00e1ch.<\/strong><\/p>\n<p><\/p>\t\t\t\t\t\t<\/div>\n\t\t\t\t<\/div>\n\t\t\t\t<div class=\"elementor-element elementor-element-743951b elementor-widget elementor-widget-heading\" data-id=\"743951b\" data-element_type=\"widget\" data-widget_type=\"heading.default\">\n\t\t\t\t<div class=\"elementor-widget-container\">\n\t\t\t<h2 class=\"elementor-heading-title elementor-size-default\">Cen\u00edk v\u00fduky dal\u0161\u00edch skupin<\/h2>\t\t<\/div>\n\t\t\t\t<\/div>\n\t\t\t\t<div class=\"elementor-element elementor-element-2c25c296 elementor-widget elementor-widget-text-editor\" data-id=\"2c25c296\" data-element_type=\"widget\" data-widget_type=\"text-editor.default\">\n\t\t\t\t<div class=\"elementor-widget-container\">\n\t\t\t\t\t\t\t\n<table id=\"tablepress-3\" class=\"tablepress tablepress-id-3 price\">\n<thead>\n<tr class=\"row-1 odd\">\n\t<th class=\"column-1\">Kurz<\/th><th class=\"column-2\">Cena<\/th><th class=\"column-3\">Po online registraci<\/th><th class=\"column-4\">Skup. sleva &#8211; dvojice<\/th><th class=\"column-5\">Skup. sleva &#8211; 3 a v\u00edce<\/th>\n<\/tr>\n<\/thead>\n<tbody class=\"row-hover\">\n<tr class=\"row-2 even\">\n\t<td class=\"column-1\"><strong>Skupina A &#8211; motocykl<\/strong><\/td><td class=\"column-2\">&#8211;<\/td><td class=\"column-3\">&#8211;<\/td><td class=\"column-4\">&#8211;<\/td><td class=\"column-5\">&#8211;<\/td>\n<\/tr>\n<tr class=\"row-3 odd\">\n\t<td class=\"column-1\">Rychlokurz 1 m\u011bs\u00edc<\/td><td class=\"column-2\">15.990,- K\u010d<\/td><td class=\"column-3\">14 990,- K\u010d<\/td><td class=\"column-4\">&#8211;<\/td><td class=\"column-5\">&#8211;<\/td>\n<\/tr>\n<tr class=\"row-4 even\">\n\t<td class=\"column-1\">Kurz do 2 m\u011bs\u00edc\u016f<\/td><td class=\"column-2\">14 990,- K\u010d<\/td><td class=\"column-3\">14 490,- K\u010d<\/td><td class=\"column-4\">&#8211;<\/td><td class=\"column-5\">&#8211;<\/td>\n<\/tr>\n<tr class=\"row-5 odd\">\n\t<td class=\"column-1\">Kurz od 2 do 4 m\u011bs\u00edc\u016f<\/td><td class=\"column-2\">13 990,- K\u010d<\/td><td class=\"column-3\">12 490,- K\u010d<\/td><td class=\"column-4\">&#8211;<\/td><td class=\"column-5\">&#8211;<\/td>\n<\/tr>\n<tr class=\"row-6 even\">\n\t<td class=\"column-1\">Motocykl + osobn\u00ed automobil<\/td><td class=\"column-2\">24 990,- K\u010d<\/td><td class=\"column-3\">19 990,- K\u010d<\/td><td class=\"column-4\">&#8211;<\/td><td class=\"column-5\">&#8211;<\/td>\n<\/tr>\n<tr class=\"row-7 odd\">\n\t<td class=\"column-1\"><strong> Skupina C &#8211; n\u00e1kladn\u00ed automobil<\/strong><\/td><td class=\"column-2\">&#8211;<\/td><td class=\"column-3\">&#8211;<\/td><td class=\"column-4\">&#8211;<\/td><td class=\"column-5\">&#8211;<\/td>\n<\/tr>\n<tr class=\"row-8 even\">\n\t<td class=\"column-1\">Rychlokurz 1 &#8211; 2 m\u011bs\u00edce<\/td><td class=\"column-2\">19 490,- K\u010d<\/td><td class=\"column-3\">15 990,- K\u010d<\/td><td class=\"column-4\">15 990,- K\u010d<\/td><td class=\"column-5\">smluvn\u011b<\/td>\n<\/tr>\n<tr class=\"row-9 odd\">\n\t<td class=\"column-1\">B\u011b\u017en\u00fd kurz<\/td><td class=\"column-2\">15 490,- K\u010d<\/td><td class=\"column-3\">13 990,- K\u010d<\/td><td class=\"column-4\">13 990,- K\u010d<\/td><td class=\"column-5\">smluvn\u011b<\/td>\n<\/tr>\n<tr class=\"row-10 even\">\n\t<td class=\"column-1\"><strong> Skupina D &#8211; autobus<\/strong><\/td><td class=\"column-2\">&#8211;<\/td><td class=\"column-3\">&#8211;<\/td><td class=\"column-4\">&#8211;<\/td><td class=\"column-5\">&#8211;<\/td>\n<\/tr>\n<tr class=\"row-11 odd\">\n\t<td class=\"column-1\">D ze skupiny C<\/td><td class=\"column-2\">17 990,- K\u010d<\/td><td class=\"column-3\">16 990,- K\u010d<\/td><td class=\"column-4\">12 990,- K\u010d<\/td><td class=\"column-5\">smluvn\u011b<\/td>\n<\/tr>\n<tr class=\"row-12 even\">\n\t<td class=\"column-1\">D ze skupiny B<\/td><td class=\"column-2\">26 990,- K\u010d<\/td><td class=\"column-3\">24 990,- K\u010d<\/td><td class=\"column-4\">19 990,- K\u010d<\/td><td class=\"column-5\">smluvn\u011b<\/td>\n<\/tr>\n<tr class=\"row-13 odd\">\n\t<td class=\"column-1\">D+C ze skupiny B<\/td><td class=\"column-2\">39 990,- K\u010d<\/td><td class=\"column-3\">35 490,- K\u010d<\/td><td class=\"column-4\">33 990,- K\u010d<\/td><td class=\"column-5\">smluvn\u011b<\/td>\n<\/tr>\n<tr class=\"row-14 even\">\n\t<td class=\"column-1\"><strong>Skupina E &#8211; p\u0159\u00edv\u011bs<\/strong><\/td><td class=\"column-2\">&#8211;<\/td><td class=\"column-3\">&#8211;<\/td><td class=\"column-4\">&#8211;<\/td><td class=\"column-5\">&#8211;<\/td>\n<\/tr>\n<tr class=\"row-15 odd\">\n\t<td class=\"column-1\">E ke skupin\u011b C<\/td><td class=\"column-2\">9 990,- K\u010d<\/td><td class=\"column-3\">8 490,- K\u010d<\/td><td class=\"column-4\">7 990,- K\u010d<\/td><td class=\"column-5\">7 490,- K\u010d<\/td>\n<\/tr>\n<tr class=\"row-16 even\">\n\t<td class=\"column-1\">E ke skupin\u011b D<\/td><td class=\"column-2\">12 990,- K\u010d<\/td><td class=\"column-3\">9 490,- K\u010d<\/td><td class=\"column-4\">8 990,- K\u010d<\/td><td class=\"column-5\">8 490,- K\u010d<\/td>\n<\/tr>\n<tr class=\"row-17 odd\">\n\t<td class=\"column-1\">CE+D ze skupin\u011b C<\/td><td class=\"column-2\">26 990,- K\u010d<\/td><td class=\"column-3\">22 490,- K\u010d<\/td><td class=\"column-4\">21 990,- K\u010d<\/td><td class=\"column-5\">19 490,- K\u010d<\/td>\n<\/tr>\n<\/tbody>\n<\/table>\n<!-- #tablepress-3 from cache --><div style=\"text-align: justify;\">U v\u011bt\u0161iny t\u011bchto cen jde o ceny smluvn\u00ed. Objedn\u00e1n\u00ed soudn\u00edho tlumo\u010dn\u00edka ke zkou\u0161k\u00e1m 3.000 K\u010d.<\/div><div style=\"text-align: justify;\"><strong>\u00a0<\/strong><\/div><div style=\"text-align: justify;\">Sleva 100% ze z\u00e1kladn\u00ed\u00a0ceny pro sk. B u ka\u017ed\u00e9ho p\u011btist\u00e9ho z\u00e1kazn\u00edka (neplat\u00ed pro rychlokurz I, rychlokurz II a VIP). V\u0161echny ceny jsou uvedeny v\u010detn\u011b DPH. U v\u0161ech kurz\u016f dohodou mo\u017en\u00e9 t\u00e9\u017e <strong>smluvn\u00ed ceny<\/strong>. <strong>Slevy nelze slu\u010dovat<\/strong>!<\/div><div style=\"text-align: justify;\">\u00a0<\/div><div style=\"text-align: justify;\"><strong>Kdo se p\u0159ihl\u00e1s\u00ed a zaregistruje v den sv\u00e9ho sv\u00e1tku dostane slevu 300,- K\u010d z ceny vybran\u00e9ho kurzu !!!<\/strong><\/div><h2>\u00a0<\/h2><p>AKCE\u00a0 z\u00e1\u0159\u00ed 2020 : <span style=\"color: #ff0000;\"><span style=\"color: #23a455;\">kurz B \u010d.4 (1-2 m\u011bs\u00edce) za <strong>10.990<\/strong> K\u010d !!!<\/span><\/span><\/p><p><span style=\"color: #ff0000;\">\u00a0<\/span><\/p><p><span style=\"color: #23a455;\">P\u0159i p\u0159ihl\u00e1\u0161en\u00ed skupiny 5 z\u00e1kazn\u00edk\u016f, m\u00e1 5. z\u00e1kazn\u00edk slevu na kurzovn\u00e9m <strong>50%<\/strong> !!!<br \/><\/span><\/p><p><span style=\"color: #ff0000;\"><span style=\"color: #23a455;\"> P\u0159i p\u0159ihl\u00e1\u0161en\u00ed skupiny 10 z\u00e1kazn\u00edk\u016f, m\u00e1 10. z\u00e1kazn\u00edk slevu na kurzovn\u00e9m <strong>70% !!!<\/strong><\/span><br \/><\/span><\/p><p><span style=\"color: #ff0000;\">\u00a0<\/span><\/p><p>M\u016f\u017eete u n\u00e1s t\u00e9\u017e vyu\u017e\u00edt <strong>z\u00e1lohov\u00fdch plateb bez nav\u00fd\u0161en\u00ed ceny kurzovn\u00e9ho<\/strong>.<br \/>P\u0159i zah\u00e1jen\u00ed kurzu slo\u017e\u00edte minim\u00e1ln\u011b 6.000,- K\u010d z celkov\u00e9 \u010d\u00e1stky kurzovn\u00e9ho (ve v\u00fdjime\u010dn\u00fdch p\u0159\u00edpadech je mo\u017en\u00e1 dohoda i o z\u00e1loze ni\u017e\u0161\u00ed) a<br \/>zbytek hrad\u00edte v pr\u016fb\u011bhu kurzu. Celkov\u00e1 cena za kurz mus\u00ed b\u00fdt uhrazena nejpozd\u011bji do 1\/2 p\u0159edm\u011btn\u00e9ho kurzu.<strong><br \/><\/strong><\/p><p>Z d\u016fvodu, \u017ee auto\u0161kola &#8222;spadne&#8220; po\u010d\u00e1tkem p\u0159\u00ed\u0161t\u00edho roku 2021 do 3 f\u00e1ze EET, bude mo\u017en\u00e9 platbu uhradit pouze p\u0159evodem\u00a0na n\u00e1\u0161 firemn\u00ed \u00fa\u010det !!!<\/p><p style=\"text-align: justify;\">\u010c\u00edslo firemn\u00edho bankovn\u00edho \u00fa\u010dtu auto\u0161koly je 35-7923760237\/0100 (jako variabiln\u00ed symbol uv\u00e1d\u011bjte svoje datum narozen\u00ed &#8211; nap\u0159\u00edklad 12.5. 1989 bude ve tvaru 12051989).<\/p><p style=\"text-align: justify;\"><strong>Cen\u00edk platn\u00fd od 1.6.2020.<\/strong><\/p>\t\t\t\t\t\t<\/div>\n\t\t\t\t<\/div>\n\t\t\t\t<div class=\"elementor-element elementor-element-c026bc3 elementor-widget elementor-widget-heading\" data-id=\"c026bc3\" data-element_type=\"widget\" data-widget_type=\"heading.default\">\n\t\t\t\t<div class=\"elementor-widget-container\">\n\t\t\t<h2 class=\"elementor-heading-title elementor-size-default\">Cen\u00edk poplatk\u016f a pokut<\/h2>\t\t<\/div>\n\t\t\t\t<\/div>\n\t\t\t\t<div class=\"elementor-element elementor-element-01eb751 elementor-widget elementor-widget-text-editor\" data-id=\"01eb751\" data-element_type=\"widget\" data-widget_type=\"text-editor.default\">\n\t\t\t\t<div class=\"elementor-widget-container\">\n\t\t\t\t\t\t\t<p>Krom\u011b v\u00fdukov\u00fdch hodin je zpoplatn\u011bna i samotn\u00e1 z\u00e1v\u011bre\u010dn\u00e1 zkou\u0161ka. P\u0159i nespln\u011bn\u00ed z\u00e1v\u011bre\u010dn\u00e9 zkou\u0161ky plat\u00edte rovn\u011b\u017e za opravn\u00e9 zkou\u0161ky.<\/p><p>\u00a0<\/p>\n<table id=\"tablepress-2\" class=\"tablepress tablepress-id-2\">\n<thead>\n<tr class=\"row-1 odd\">\n\t<th class=\"column-1\">N\u00e1zev polo\u017eky<\/th><th class=\"column-2\">Cena<\/th>\n<\/tr>\n<\/thead>\n<tbody class=\"row-hover\">\n<tr class=\"row-2 even\">\n\t<td class=\"column-1\">Pokuta za zru\u0161en\u00ed z\u00e1v\u011bre\u010dn\u00e9 zkou\u0161ky (m\u00e9n\u011b ne\u017e 3 dny p\u0159ed term\u00ednem)<\/td><td class=\"column-2\">500,- K\u010d<\/td>\n<\/tr>\n<tr class=\"row-3 odd\">\n\t<td class=\"column-1\">Pokuta za zru\u0161en\u00ed napl\u00e1novan\u00e9 v\u00fdcvikov\u00e9 hodiny (m\u00e9n\u011b ne\u017e 24h p\u0159ed domluven\u00fdm \u010dasem)<\/td><td class=\"column-2\">350 K\u010d \/ hodina<\/td>\n<\/tr>\n<tr class=\"row-4 even\">\n\t<td class=\"column-1\">Spr\u00e1vn\u00ed poplatek magistr\u00e1tu za z\u00e1v\u011bre\u010dnou zkou\u0161ku<\/td><td class=\"column-2\">700 K\u010d<\/td>\n<\/tr>\n<tr class=\"row-5 odd\">\n\t<td class=\"column-1\">Poplatek za opravnou z\u00e1v\u011bre\u010dnou zkou\u0161ku auto\u0161kole<\/td><td class=\"column-2\">500 K\u010d<\/td>\n<\/tr>\n<tr class=\"row-6 even\">\n\t<td class=\"column-1\">Spr\u00e1vn\u00ed poplatek magistr\u00e1tu za opravnou z\u00e1v\u011bre\u010dnou zkou\u0161ku &#8211; j\u00edzdy<\/td><td class=\"column-2\">400 K\u010d<\/td>\n<\/tr>\n<\/tbody>\n<\/table>\n<!-- #tablepress-2 from cache -->\t\t\t\t\t\t<\/div>\n\t\t\t\t<\/div>\n\t\t\t\t\t<\/div>\n\t\t<\/div>\n\t\t\t\t\t<\/div>\n\t\t<\/section>\n\t\t\t\t<\/div>\n\t\t","protected":false},"excerpt":{"rendered":"<p>Cen\u00edk Cen\u00edk v\u00fduky skupiny B P\u0159i registraci on-line dostanete slevu za p\u0159ed\u010dasnou registraci (v tabulk\u00e1ch uveden\u00e1 cena ve sloupe\u010dku &#8222;Po online registraci&#8220;). Poskytujeme rovn\u011b\u017e slevy 25%&nbsp; na n\u00e1\u0161 &#8222;Rychlokurz II&#8220; pro dr\u017eitele pr\u016fkaz\u016f ISIC, ITIC a IYTC. V\u0161echny uveden\u00e9 ceny jsou v\u010detn\u011b DPH.Nab\u00edz\u00edme V\u00e1m i mo\u017enost z\u00e1lohov\u00e9 platby, tedy auto\u0161kolu na spl\u00e1tky! Aktu\u00e1ln\u00ed cen\u00edk ostatn\u00edch [&hellip;]<\/p>\n","protected":false},"author":1,"featured_media":0,"parent":0,"menu_order":0,"comment_status":"closed","ping_status":"closed","template":"elementor_canvas","meta":{"footnotes":""},"_links":{"self":[{"href":"http:\/\/autoskola.mz-mee.eu\/subdom\/autoskola\/wp-json\/wp\/v2\/pages\/89"}],"collection":[{"href":"http:\/\/autoskola.mz-mee.eu\/subdom\/autoskola\/wp-json\/wp\/v2\/pages"}],"about":[{"href":"http:\/\/autoskola.mz-mee.eu\/subdom\/autoskola\/wp-json\/wp\/v2\/types\/page"}],"author":[{"embeddable":true,"href":"http:\/\/autoskola.mz-mee.eu\/subdom\/autoskola\/wp-json\/wp\/v2\/users\/1"}],"replies":[{"embeddable":true,"href":"http:\/\/autoskola.mz-mee.eu\/subdom\/autoskola\/wp-json\/wp\/v2\/comments?post=89"}],"version-history":[{"count":24,"href":"http:\/\/autoskola.mz-mee.eu\/subdom\/autoskola\/wp-json\/wp\/v2\/pages\/89\/revisions"}],"predecessor-version":[{"id":286,"href":"http:\/\/autoskola.mz-mee.eu\/subdom\/autoskola\/wp-json\/wp\/v2\/pages\/89\/revisions\/286"}],"wp:attachment":[{"href":"http:\/\/autoskola.mz-mee.eu\/subdom\/autoskola\/wp-json\/wp\/v2\/media?parent=89"}],"curies":[{"name":"wp","href":"https:\/\/api.w.org\/{rel}","templated":true}]}}